{"id":211,"date":"2020-10-03T17:18:39","date_gmt":"2020-10-03T17:18:39","guid":{"rendered":"http:\/\/klbtheme.com\/medibazar\/?page_id=211"},"modified":"2025-07-11T11:31:44","modified_gmt":"2025-07-11T11:31:44","slug":"about","status":"publish","type":"page","link":"https:\/\/omegalaser.al\/index.php\/about\/","title":{"rendered":"About"},"content":{"rendered":"\t\t<div data-elementor-type=\"wp-page\" data-elementor-id=\"211\" class=\"elementor elementor-211\">\n\t\t\t\t\t\t<section class=\"elementor-section elementor-top-section elementor-element elementor-element-561f394 elementor-section-full_width elementor-section-height-default elementor-section-height-default\" data-id=\"561f394\" data-element_type=\"section\">\n\t\t\t\t\t\t<div class=\"elementor-container elementor-column-gap-no\">\n\t\t\t\t\t<div class=\"elementor-column elementor-col-100 elementor-top-column elementor-element elementor-element-a322092\" data-id=\"a322092\" data-element_type=\"column\">\n\t\t\t<div class=\"elementor-widget-wrap elementor-element-populated\">\n\t\t\t\t\t\t<div class=\"elementor-element elementor-element-c63c006 elementor-widget__width-inherit elementor-invisible elementor-widget elementor-widget-medibazar-breadcrumb\" data-id=\"c63c006\" data-element_type=\"widget\" data-settings=\"{&quot;_animation&quot;:&quot;fadeIn&quot;}\" data-widget_type=\"medibazar-breadcrumb.default\">\n\t\t\t\t<div class=\"elementor-widget-container\">\n\t\t\t\t\t<div class=\"breadcrumb-area pt-125 pb-125\" style=\"background-image:url(https:\/\/omegalaser.al\/wp-content\/uploads\/2025\/06\/AdobeStock_1234067099_Preview-e1752233443355.jpeg)\"><div class=\"container\"><div class=\"klb-breadcrumb-wrapper\"><div class=\"row\"><div class=\"col-xl-12\"><div class=\"breadcrumb-text\"><h1>Rreth nesh<\/h1><\/div><\/div><ul class=\"breadcrumb-menu\"><li><a  href=\"https:\/\/omegalaser.al\" title=\"Home\" rel=\"bookmark\">Home<\/a> <\/li>  <\/ul><\/div><\/div><\/div><\/div>\t\t\t\t<\/div>\n\t\t\t\t<\/div>\n\t\t\t\t\t<\/div>\n\t\t<\/div>\n\t\t\t\t\t<\/div>\n\t\t<\/section>\n\t\t\t\t<section class=\"elementor-section elementor-top-section elementor-element elementor-element-f2b26de elementor-section-content-middle elementor-section-boxed elementor-section-height-default elementor-section-height-default\" data-id=\"f2b26de\" data-element_type=\"section\">\n\t\t\t\t\t\t<div class=\"elementor-container elementor-column-gap-default\">\n\t\t\t\t\t<div class=\"elementor-column elementor-col-50 elementor-top-column elementor-element elementor-element-8a69543\" data-id=\"8a69543\" data-element_type=\"column\">\n\t\t\t<div class=\"elementor-widget-wrap elementor-element-populated\">\n\t\t\t\t\t\t<div class=\"elementor-element elementor-element-d5523dd elementor-widget__width-initial elementor-widget elementor-widget-medibazar-single-image\" data-id=\"d5523dd\" data-element_type=\"widget\" data-widget_type=\"medibazar-single-image.default\">\n\t\t\t\t<div class=\"elementor-widget-container\">\n\t\t\t\t\t<div class=\"contact-img\"><img decoding=\"async\" src=\"https:\/\/omegalaser.al\/wp-content\/uploads\/2025\/07\/omega-logo-web.png\" alt=\"img\"><div class=\"shape-item con-01\"><img decoding=\"async\" src=\"https:\/\/omegalaser.al\/wp-content\/uploads\/2025\/06\/Screenshot-2025-06-28-130637.png\" alt=\"shape\"><\/div><\/div>\t\t\t\t<\/div>\n\t\t\t\t<\/div>\n\t\t\t\t\t<\/div>\n\t\t<\/div>\n\t\t\t\t<div class=\"elementor-column elementor-col-50 elementor-top-column elementor-element elementor-element-b10b399\" data-id=\"b10b399\" data-element_type=\"column\">\n\t\t\t<div class=\"elementor-widget-wrap elementor-element-populated\">\n\t\t\t\t\t\t<div class=\"elementor-element elementor-element-b209289 elementor-widget elementor-widget-medibazar-block-list\" data-id=\"b209289\" data-element_type=\"widget\" data-widget_type=\"medibazar-block-list.default\">\n\t\t\t\t<div class=\"elementor-widget-container\">\n\t\t\t\t\t<div class=\"section-title mb-40\"><h2>Rreth nesh<\/h2><p><\/p><\/div><div class=\"about-item\"><ul><li><div class=\"about-text\"><h4><i class=\"far fa-check-circle\"><\/i>Misioni &amp; Vizionit Yn\u00eb<\/h4><p>Te OmegaLaser, misioni yn\u00eb \u00ebsht\u00eb t\u00eb fuqizojm\u00eb klinikat estetike dhe profesionist\u00ebt me pajisje me lazer t\u00eb teknologjis\u00eb m\u00eb t\u00eb avancuar, q\u00eb ofrojn\u00eb rezultate t\u00eb dukshme dhe vler\u00eb afatgjat\u00eb. Synojm\u00eb t\u00eb jemi emri m\u00eb i besuar n\u00eb teknologjin\u00eb moderne t\u00eb bukuris\u00eb.<\/p><\/div><\/li><li><div class=\"about-text\"><h4><i class=\"far fa-check-circle\"><\/i>Zgjidhje t\u00eb Besueshme me Lazer<\/h4><p>Ne ofrojm\u00eb makineri me lazer t\u00eb cil\u00ebsis\u00eb s\u00eb lart\u00eb p\u00ebr depilim, rigjenerim t\u00eb l\u00ebkur\u00ebs dhe trajtime estetike \u2014 t\u00eb dizajnuara me precizion, siguri dhe performanc\u00eb maksimale. Klient\u00ebt tan\u00eb na zgjedhin p\u00ebr inovacionin dhe besueshm\u00ebrin\u00eb q\u00eb ofrojm\u00eb.\n<\/p><\/div><\/li><\/ul><\/div><div class=\"about-button mt-45\"><a href=\"https:\/\/omegalaser.al\/index.php\/shop-2\/\"  class=\"c-btn\">shop now <i class=\"far fa-plus\"><\/i><\/a><\/div>\t\t\t\t<\/div>\n\t\t\t\t<\/div>\n\t\t\t\t\t<\/div>\n\t\t<\/div>\n\t\t\t\t\t<\/div>\n\t\t<\/section>\n\t\t\t\t<section class=\"elementor-section elementor-top-section elementor-element elementor-element-f91d4b2 elementor-section-boxed elementor-section-height-default elementor-section-height-default\" data-id=\"f91d4b2\" data-element_type=\"section\">\n\t\t\t\t\t\t<div class=\"elementor-container elementor-column-gap-no\">\n\t\t\t\t\t<div class=\"elementor-column elementor-col-100 elementor-top-column elementor-element elementor-element-61264b0\" data-id=\"61264b0\" data-element_type=\"column\">\n\t\t\t<div class=\"elementor-widget-wrap elementor-element-populated\">\n\t\t\t\t\t\t<section class=\"elementor-section elementor-inner-section elementor-element elementor-element-e7ce54d elementor-section-boxed elementor-section-height-default elementor-section-height-default\" data-id=\"e7ce54d\" data-element_type=\"section\">\n\t\t\t\t\t\t<div class=\"elementor-container elementor-column-gap-extended\">\n\t\t\t\t\t<div class=\"elementor-column elementor-col-25 elementor-inner-column elementor-element elementor-element-48f04a1\" data-id=\"48f04a1\" data-element_type=\"column\">\n\t\t\t<div class=\"elementor-widget-wrap elementor-element-populated\">\n\t\t\t\t\t\t<div class=\"elementor-element elementor-element-29ab5d6 elementor-widget elementor-widget-medibazar-counter-box\" data-id=\"29ab5d6\" data-element_type=\"widget\" data-widget_type=\"medibazar-counter-box.default\">\n\t\t\t\t<div class=\"elementor-widget-container\">\n\t\t\t\t\t<div class=\"counter-wrapper text-center\"><div class=\"counter-icon\"><i class=\"fal fa-heart\"><\/i><\/div><div class=\"counter-text\"><h2 class=\"counter\">2560<\/h2><span>Kliente te kenaqur<\/span><\/div><\/div>\t\t\t\t<\/div>\n\t\t\t\t<\/div>\n\t\t\t\t\t<\/div>\n\t\t<\/div>\n\t\t\t\t<div class=\"elementor-column elementor-col-25 elementor-inner-column elementor-element elementor-element-a10007c\" data-id=\"a10007c\" data-element_type=\"column\">\n\t\t\t<div class=\"elementor-widget-wrap elementor-element-populated\">\n\t\t\t\t\t\t<div class=\"elementor-element elementor-element-5ae698a elementor-widget elementor-widget-medibazar-counter-box\" data-id=\"5ae698a\" data-element_type=\"widget\" data-widget_type=\"medibazar-counter-box.default\">\n\t\t\t\t<div class=\"elementor-widget-container\">\n\t\t\t\t\t<div class=\"counter-wrapper text-center\"><div class=\"counter-icon\"><i class=\"fal fa-praying-hands\"><\/i><\/div><div class=\"counter-text\"><h2 class=\"counter\">9862<\/h2><span>pune te perfunduara<\/span><\/div><\/div>\t\t\t\t<\/div>\n\t\t\t\t<\/div>\n\t\t\t\t\t<\/div>\n\t\t<\/div>\n\t\t\t\t<div class=\"elementor-column elementor-col-25 elementor-inner-column elementor-element elementor-element-4c94fb9\" data-id=\"4c94fb9\" data-element_type=\"column\">\n\t\t\t<div class=\"elementor-widget-wrap elementor-element-populated\">\n\t\t\t\t\t\t<div class=\"elementor-element elementor-element-12de874 elementor-widget elementor-widget-medibazar-counter-box\" data-id=\"12de874\" data-element_type=\"widget\" data-widget_type=\"medibazar-counter-box.default\">\n\t\t\t\t<div class=\"elementor-widget-container\">\n\t\t\t\t\t<div class=\"counter-wrapper text-center\"><div class=\"counter-icon\"><i class=\"fal fa-users\"><\/i><\/div><div class=\"counter-text\"><h2 class=\"counter\">7563<\/h2><span>bashkepunime<\/span><\/div><\/div>\t\t\t\t<\/div>\n\t\t\t\t<\/div>\n\t\t\t\t\t<\/div>\n\t\t<\/div>\n\t\t\t\t<div class=\"elementor-column elementor-col-25 elementor-inner-column elementor-element elementor-element-7035c40\" data-id=\"7035c40\" data-element_type=\"column\">\n\t\t\t<div class=\"elementor-widget-wrap elementor-element-populated\">\n\t\t\t\t\t\t<div class=\"elementor-element elementor-element-8e59b46 elementor-widget elementor-widget-medibazar-counter-box\" data-id=\"8e59b46\" data-element_type=\"widget\" data-widget_type=\"medibazar-counter-box.default\">\n\t\t\t\t<div class=\"elementor-widget-container\">\n\t\t\t\t\t<div class=\"counter-wrapper text-center\"><div class=\"counter-icon\"><i class=\"fal fa-history\"><\/i><\/div><div class=\"counter-text\"><h2 class=\"counter\">6534<\/h2><span>marka boterore<\/span><\/div><\/div>\t\t\t\t<\/div>\n\t\t\t\t<\/div>\n\t\t\t\t\t<\/div>\n\t\t<\/div>\n\t\t\t\t\t<\/div>\n\t\t<\/section>\n\t\t\t\t\t<\/div>\n\t\t<\/div>\n\t\t\t\t\t<\/div>\n\t\t<\/section>\n\t\t\t\t<section class=\"elementor-section elementor-top-section elementor-element elementor-element-19ffbb4 elementor-section-full_width elementor-section-height-default elementor-section-height-default\" data-id=\"19ffbb4\" data-element_type=\"section\" data-settings=\"{&quot;background_background&quot;:&quot;classic&quot;}\">\n\t\t\t\t\t\t<div class=\"elementor-container elementor-column-gap-no\">\n\t\t\t\t\t<div class=\"elementor-column elementor-col-100 elementor-top-column elementor-element elementor-element-fba7723\" data-id=\"fba7723\" data-element_type=\"column\">\n\t\t\t<div class=\"elementor-widget-wrap elementor-element-populated\">\n\t\t\t\t\t\t<section class=\"elementor-section elementor-inner-section elementor-element elementor-element-fb21b99 elementor-section-boxed elementor-section-height-default elementor-section-height-default\" data-id=\"fb21b99\" data-element_type=\"section\">\n\t\t\t\t\t\t<div class=\"elementor-container elementor-column-gap-extended\">\n\t\t\t\t\t<div class=\"elementor-column elementor-col-100 elementor-inner-column elementor-element elementor-element-9b8df0b\" data-id=\"9b8df0b\" data-element_type=\"column\">\n\t\t\t<div class=\"elementor-widget-wrap elementor-element-populated\">\n\t\t\t\t\t\t<div class=\"elementor-element elementor-element-f78ce2a elementor-widget elementor-widget-medibazar-custom-title\" data-id=\"f78ce2a\" data-element_type=\"widget\" data-widget_type=\"medibazar-custom-title.default\">\n\t\t\t\t<div class=\"elementor-widget-container\">\n\t\t\t\t\t<div class=\"section-title text-center\"><h2>Q\u00ebllimet Tona Kryesore\n<\/h2><p><\/p><\/div>\t\t\t\t<\/div>\n\t\t\t\t<\/div>\n\t\t\t\t\t<\/div>\n\t\t<\/div>\n\t\t\t\t\t<\/div>\n\t\t<\/section>\n\t\t\t\t<section class=\"elementor-section elementor-inner-section elementor-element elementor-element-530ffb6 elementor-section-boxed elementor-section-height-default elementor-section-height-default\" data-id=\"530ffb6\" data-element_type=\"section\">\n\t\t\t\t\t\t<div class=\"elementor-container elementor-column-gap-extended\">\n\t\t\t\t\t<div class=\"elementor-column elementor-col-25 elementor-inner-column elementor-element elementor-element-4bade9c\" data-id=\"4bade9c\" data-element_type=\"column\">\n\t\t\t<div class=\"elementor-widget-wrap elementor-element-populated\">\n\t\t\t\t\t\t<div class=\"elementor-element elementor-element-54f13f2 elementor-widget elementor-widget-medibazar-image-box\" data-id=\"54f13f2\" data-element_type=\"widget\" data-widget_type=\"medibazar-image-box.default\">\n\t\t\t\t<div class=\"elementor-widget-container\">\n\t\t\t\t\t<div class=\"feature-02-wrapper text-center\"><div class=\"p-feature-text\"><h3>Pajisje t\u00eb Avancuara me Lazer<\/h3><div class=\"feature-02-icon\"><img decoding=\"async\" src=\"https:\/\/omegalaser.al\/wp-content\/uploads\/2025\/06\/Screenshot-2025-06-28-130637.png\" alt=\"\"><\/div><p>Teknologji e gjenerat\u00ebs s\u00eb fundit p\u00ebr trajtime estetike jasht\u00ebzakonisht efektive.   <\/p><a href=\"https:\/\/omegalaser.al\/\" ><i class=\"fal fa-long-arrow-right\"><\/i><\/a><\/div><\/div>\t\t\t\t<\/div>\n\t\t\t\t<\/div>\n\t\t\t\t\t<\/div>\n\t\t<\/div>\n\t\t\t\t<div class=\"elementor-column elementor-col-25 elementor-inner-column elementor-element elementor-element-e7cdce0\" data-id=\"e7cdce0\" data-element_type=\"column\">\n\t\t\t<div class=\"elementor-widget-wrap elementor-element-populated\">\n\t\t\t\t\t\t<div class=\"elementor-element elementor-element-e58509b elementor-widget elementor-widget-medibazar-image-box\" data-id=\"e58509b\" data-element_type=\"widget\" data-widget_type=\"medibazar-image-box.default\">\n\t\t\t\t<div class=\"elementor-widget-container\">\n\t\t\t\t\t<div class=\"feature-02-wrapper text-center\"><div class=\"p-feature-text\"><h3>Zgjidhje Profesionale Estetike<\/h3><div class=\"feature-02-icon\"><img decoding=\"async\" src=\"https:\/\/omegalaser.al\/wp-content\/uploads\/2025\/06\/quanta_20250604155108-U50622125827iGj-1440x752@IlSole24Ore-Web.jpg\" alt=\"\"><\/div><p>Zgjidhje t\u00eb sigurta dhe t\u00eb besueshme p\u00ebr mjek\u00eb dhe klinika estetike n\u00eb gjith\u00eb Shqip\u00ebrin\u00eb.<\/p><a href=\"https:\/\/omegalaser.al\/index.php\/shop-2\/\" ><i class=\"fal fa-long-arrow-right\"><\/i><\/a><\/div><\/div>\t\t\t\t<\/div>\n\t\t\t\t<\/div>\n\t\t\t\t\t<\/div>\n\t\t<\/div>\n\t\t\t\t<div class=\"elementor-column elementor-col-25 elementor-inner-column elementor-element elementor-element-cecb8b7\" data-id=\"cecb8b7\" data-element_type=\"column\">\n\t\t\t<div class=\"elementor-widget-wrap elementor-element-populated\">\n\t\t\t\t\t\t<div class=\"elementor-element elementor-element-fff8c11 elementor-widget elementor-widget-medibazar-image-box\" data-id=\"fff8c11\" data-element_type=\"widget\" data-widget_type=\"medibazar-image-box.default\">\n\t\t\t\t<div class=\"elementor-widget-container\">\n\t\t\t\t\t<div class=\"feature-02-wrapper text-center\"><div class=\"p-feature-text\"><h3>Mb\u00ebshtetje Teknike 24\/7<\/h3><div class=\"feature-02-icon\"><img decoding=\"async\" src=\"https:\/\/omegalaser.al\/wp-content\/uploads\/2025\/06\/medicalequipmentpackagerental1567002194-825x510-1.jpg\" alt=\"\"><\/div><p>Sh\u00ebrbim dhe asistenc\u00eb teknike 24 or\u00eb p\u00ebr klient\u00ebt tan\u00eb.<\/p><a href=\"https:\/\/omegalaser.al\/index.php\/contact-us\/\" ><i class=\"fal fa-long-arrow-right\"><\/i><\/a><\/div><\/div>\t\t\t\t<\/div>\n\t\t\t\t<\/div>\n\t\t\t\t\t<\/div>\n\t\t<\/div>\n\t\t\t\t<div class=\"elementor-column elementor-col-25 elementor-inner-column elementor-element elementor-element-f487add\" data-id=\"f487add\" data-element_type=\"column\">\n\t\t\t<div class=\"elementor-widget-wrap elementor-element-populated\">\n\t\t\t\t\t\t<div class=\"elementor-element elementor-element-06d135a elementor-widget elementor-widget-medibazar-image-box\" data-id=\"06d135a\" data-element_type=\"widget\" data-widget_type=\"medibazar-image-box.default\">\n\t\t\t\t<div class=\"elementor-widget-container\">\n\t\t\t\t\t<div class=\"feature-02-wrapper text-center\"><div class=\"p-feature-text\"><h3>Demonstrime Produktesh   <\/h3><div class=\"feature-02-icon\"><img decoding=\"async\" src=\"https:\/\/omegalaser.al\/wp-content\/uploads\/2025\/06\/000180-60060-mib33fe-qy_thumb-1.jpg\" alt=\"\"><\/div><p>Demonstrime p\u00ebr \u00e7do pajisje para blerjes, p\u00ebrfshir\u00eb dhe trajnim t\u00eb specializuar.<\/p><a href=\"https:\/\/omegalaser.al\/index.php\/contact-us\/\" ><i class=\"fal fa-long-arrow-right\"><\/i><\/a><\/div><\/div>\t\t\t\t<\/div>\n\t\t\t\t<\/div>\n\t\t\t\t\t<\/div>\n\t\t<\/div>\n\t\t\t\t\t<\/div>\n\t\t<\/section>\n\t\t\t\t\t<\/div>\n\t\t<\/div>\n\t\t\t\t\t<\/div>\n\t\t<\/section>\n\t\t\t\t<section class=\"elementor-section elementor-top-section elementor-element elementor-element-10ef587 elementor-section-boxed elementor-section-height-default elementor-section-height-default\" data-id=\"10ef587\" data-element_type=\"section\">\n\t\t\t\t\t\t<div class=\"elementor-container elementor-column-gap-no\">\n\t\t\t\t\t<div class=\"elementor-column elementor-col-100 elementor-top-column elementor-element elementor-element-efb3131\" data-id=\"efb3131\" data-element_type=\"column\">\n\t\t\t<div class=\"elementor-widget-wrap elementor-element-populated\">\n\t\t\t\t\t\t<div class=\"elementor-element elementor-element-ab5ccea elementor-widget elementor-widget-medibazar-single-banner\" data-id=\"ab5ccea\" data-element_type=\"widget\" data-widget_type=\"medibazar-single-banner.default\">\n\t\t\t\t<div class=\"elementor-widget-container\">\n\t\t\t\t\t<div class=\"cta-area\"><div class=\"container\"><div class=\"cta-bg pt-80 pb-80\" data-background=\"https:\/\/klbtheme.com\/medibazar\/wp-content\/uploads\/2020\/10\/05.jpg\"><div class=\"row\"><div class=\"col-xl-6 col-lg-6 col-md-6\"><div class=\"cta-wrapper\"><div class=\"cta-text\"><span><\/span><h2>Deshironi te konsultoheni<\/h2><a href=\"https:\/\/omegalaser.al\/index.php\/contact-us\/\"  class=\"c-btn\">kontakto tani <i class=\"far fa-plus\"><\/i><\/a><\/div><\/div><\/div><\/div><\/div><\/div><\/div>\t\t\t\t<\/div>\n\t\t\t\t<\/div>\n\t\t\t\t\t<\/div>\n\t\t<\/div>\n\t\t\t\t\t<\/div>\n\t\t<\/section>\n\t\t\t\t<section class=\"elementor-section elementor-top-section elementor-element elementor-element-ed69cc6 elementor-section-full_width elementor-section-height-default elementor-section-height-default\" data-id=\"ed69cc6\" data-element_type=\"section\">\n\t\t\t\t\t\t<div class=\"elementor-container elementor-column-gap-no\">\n\t\t\t\t\t<div class=\"elementor-column elementor-col-100 elementor-top-column elementor-element elementor-element-9536df8\" data-id=\"9536df8\" data-element_type=\"column\">\n\t\t\t<div class=\"elementor-widget-wrap elementor-element-populated\">\n\t\t\t\t\t\t<div class=\"elementor-element elementor-element-e272d33 elementor-widget elementor-widget-medibazar-testimonial\" data-id=\"e272d33\" data-element_type=\"widget\" data-widget_type=\"medibazar-testimonial.default\">\n\t\t\t\t<div class=\"elementor-widget-container\">\n\t\t\t\t\t<div class=\"testimonial-area pt-100 pb-175\" data-background=\"https:\/\/klbtheme.com\/medibazar\/wp-content\/uploads\/2020\/09\/testimonial.jpg\"><div class=\"container\"><div class=\"row\"><div class=\"col-xl-6 col-lg-6 offset-lg-3 offset-xl-3\"><div class=\"section-title text-center mb-65\"><h2>Klientet tane <\/h2><p><\/p><\/div><\/div><\/div><div class=\"row test-active\"><div class=\"col-xl-6\"><div class=\"testimonial-wrapper\"><div class=\"inner-test d-flex justify-content-between align-items-center\"><div class=\"test-img\"><img decoding=\"async\" src=\"https:\/\/klbtheme.com\/medibazar\/wp-content\/uploads\/2020\/09\/01-1.png\" alt=\"\"><\/div><div class=\"test-rating\"><i class=\"fas fa-star\"><\/i><i class=\"fas fa-star\"><\/i><i class=\"fas fa-star\"><\/i><i class=\"fas fa-star\"><\/i><i class=\"fas fa-star\"><\/i><\/div><\/div><div class=\"test-text\"><p>Eksperience fantastike<\/p><h4>Sebastian Barry<\/h4><span>Business Manager<\/span><\/div><\/div><\/div><div class=\"col-xl-6\"><div class=\"testimonial-wrapper\"><div class=\"inner-test d-flex justify-content-between align-items-center\"><div class=\"test-img\"><img decoding=\"async\" src=\"https:\/\/klbtheme.com\/medibazar\/wp-content\/uploads\/2020\/09\/02.png\" alt=\"\"><\/div><div class=\"test-rating\"><i class=\"fas fa-star\"><\/i><i class=\"fas fa-star\"><\/i><i class=\"fas fa-star\"><\/i><i class=\"fas fa-star\"><\/i><i class=\"fas fa-star\"><\/i><\/div><\/div><div class=\"test-text\"><p>I have achieved the desired results through omegalaser, and I have been very satisfied<\/p><h4>Oliver Greenwood<\/h4><span>Designer<\/span><\/div><\/div><\/div><div class=\"col-xl-6\"><div class=\"testimonial-wrapper\"><div class=\"inner-test d-flex justify-content-between align-items-center\"><div class=\"test-img\"><img decoding=\"async\" src=\"https:\/\/klbtheme.com\/medibazar\/wp-content\/uploads\/2020\/09\/01-1.png\" alt=\"\"><\/div><div class=\"test-rating\"><i class=\"fas fa-star\"><\/i><i class=\"fas fa-star\"><\/i><i class=\"fas fa-star\"><\/i><i class=\"fas fa-star\"><\/i><i class=\"fas fa-star\"><\/i><\/div><\/div><div class=\"test-text\"><p>Do ta rekomandoja p\u00ebr k\u00ebdo q\u00eb k\u00ebrkon trajtime me lazer, \u00ebsht\u00eb fantastik dhe jep rezultate t\u00eb menj\u00ebhershme.\n<\/p><h4>Daisy Lana<\/h4><span>Designer<\/span><\/div><\/div><\/div><div class=\"col-xl-6\"><div class=\"testimonial-wrapper\"><div class=\"inner-test d-flex justify-content-between align-items-center\"><div class=\"test-img\"><img decoding=\"async\" src=\"https:\/\/klbtheme.com\/medibazar\/wp-content\/uploads\/2020\/09\/02.png\" alt=\"\"><\/div><div class=\"test-rating\"><i class=\"fas fa-star\"><\/i><i class=\"fas fa-star\"><\/i><i class=\"fas fa-star\"><\/i><i class=\"fas fa-star\"><\/i><i class=\"fas fa-star\"><\/i><\/div><\/div><div class=\"test-text\"><p>Fantastic equipment and quick results. I am very satisfied with the treatments I have received and I would trust Omegalaser for any other treatment.<\/p><h4>Alden <\/h4><span>Designer<\/span><\/div><\/div><\/div><\/div><\/div><\/div>\t\t\t\t<\/div>\n\t\t\t\t<\/div>\n\t\t\t\t\t<\/div>\n\t\t<\/div>\n\t\t\t\t\t<\/div>\n\t\t<\/section>\n\t\t\t\t<\/div>\n\t\t","protected":false},"excerpt":{"rendered":"<p>Rreth nesh Home Rreth nesh Misioni &amp; Vizionit Yn\u00eb Te OmegaLaser, misioni yn\u00eb \u00ebsht\u00eb t\u00eb fuqizojm\u00eb klinikat estetike dhe profesionist\u00ebt me pajisje me lazer t\u00eb teknologjis\u00eb m\u00eb t\u00eb avancuar, q\u00eb ofrojn\u00eb rezultate t\u00eb dukshme dhe vler\u00eb afatgjat\u00eb. Synojm\u00eb t\u00eb jemi emri m\u00eb i besuar n\u00eb teknologjin\u00eb moderne t\u00eb bukuris\u00eb. Zgjidhje t\u00eb Besueshme me Lazer Ne<\/p>\n<div class=\"klb-readmore\"><a class=\"c-btn\" href=\"https:\/\/omegalaser.al\/index.php\/about\/\">Read More <i class=\"far fa-plus\"><\/i><\/a><\/div>\n","protected":false},"author":1,"featured_media":0,"parent":0,"menu_order":0,"comment_status":"closed","ping_status":"closed","template":"","meta":{"footnotes":""},"class_list":["post-211","page","type-page","status-publish","hentry"],"_links":{"self":[{"href":"https:\/\/omegalaser.al\/index.php\/wp-json\/wp\/v2\/pages\/211","targetHints":{"allow":["GET"]}}],"collection":[{"href":"https:\/\/omegalaser.al\/index.php\/wp-json\/wp\/v2\/pages"}],"about":[{"href":"https:\/\/omegalaser.al\/index.php\/wp-json\/wp\/v2\/types\/page"}],"author":[{"embeddable":true,"href":"https:\/\/omegalaser.al\/index.php\/wp-json\/wp\/v2\/users\/1"}],"replies":[{"embeddable":true,"href":"https:\/\/omegalaser.al\/index.php\/wp-json\/wp\/v2\/comments?post=211"}],"version-history":[{"count":100,"href":"https:\/\/omegalaser.al\/index.php\/wp-json\/wp\/v2\/pages\/211\/revisions"}],"predecessor-version":[{"id":1339,"href":"https:\/\/omegalaser.al\/index.php\/wp-json\/wp\/v2\/pages\/211\/revisions\/1339"}],"wp:attachment":[{"href":"https:\/\/omegalaser.al\/index.php\/wp-json\/wp\/v2\/media?parent=211"}],"curies":[{"name":"wp","href":"https:\/\/api.w.org\/{rel}","templated":true}]}}